{"id":8,"date":"2022-04-26T13:39:12","date_gmt":"2022-04-26T13:39:12","guid":{"rendered":"http:\/\/10.4.255.218\/investiga\/wordpress\/?page_id=8"},"modified":"2022-12-14T21:42:38","modified_gmt":"2022-12-14T21:42:38","slug":"quien","status":"publish","type":"page","link":"https:\/\/investiga.conare.ac.cr\/index.php\/quien\/","title":{"rendered":"\u00bfQui\u00e9nes somos?"},"content":{"rendered":"\n<p>CONARE Investiga es una plataforma para la difusi\u00f3n de resultados de proyectos del \u00c1rea de Investigaci\u00f3n financiados con el Fondo del Sistema del Consejo Nacional de Rectores (CONARE). Responde al principio de transparencia institucional y a la necesidad de dar a conocer a la comunidad nacional los aportes que las universidades p\u00fablicas hacen al desarrollo del pa\u00eds. Esto toma la forma de campa\u00f1as anuales de divulgaci\u00f3n de resultados de proyectos de investigaci\u00f3n realizados entre varias universidades p\u00fablicas del CONARE y de iniciativas importantes por el impacto de sus hallazgos en la mejora del bienestar de sectores sociales del pa\u00eds.<\/p>\n\n\n\n<p>CONARE Investiga es gestionada por la Subcomisi\u00f3n de Promoci\u00f3n, creada el 28 de junio 2012 por la Comisi\u00f3n de Vicerrectores de Investigaci\u00f3n.<\/p>\n","protected":false},"excerpt":{"rendered":"<p>CONARE Investiga es una plataforma para la difusi\u00f3n de resultados de proyectos del \u00c1rea de Investigaci\u00f3n financiados con el Fondo &hellip; <\/p>\n","protected":false},"author":1,"featured_media":0,"parent":0,"menu_order":0,"comment_status":"closed","ping_status":"closed","template":"","meta":{"footnotes":""},"class_list":["post-8","page","type-page","status-publish","hentry"],"aioseo_notices":[],"_links":{"self":[{"href":"https:\/\/investiga.conare.ac.cr\/index.php\/wp-json\/wp\/v2\/pages\/8","targetHints":{"allow":["GET"]}}],"collection":[{"href":"https:\/\/investiga.conare.ac.cr\/index.php\/wp-json\/wp\/v2\/pages"}],"about":[{"href":"https:\/\/investiga.conare.ac.cr\/index.php\/wp-json\/wp\/v2\/types\/page"}],"author":[{"embeddable":true,"href":"https:\/\/investiga.conare.ac.cr\/index.php\/wp-json\/wp\/v2\/users\/1"}],"replies":[{"embeddable":true,"href":"https:\/\/investiga.conare.ac.cr\/index.php\/wp-json\/wp\/v2\/comments?post=8"}],"version-history":[{"count":2,"href":"https:\/\/investiga.conare.ac.cr\/index.php\/wp-json\/wp\/v2\/pages\/8\/revisions"}],"predecessor-version":[{"id":340,"href":"https:\/\/investiga.conare.ac.cr\/index.php\/wp-json\/wp\/v2\/pages\/8\/revisions\/340"}],"wp:attachment":[{"href":"https:\/\/investiga.conare.ac.cr\/index.php\/wp-json\/wp\/v2\/media?parent=8"}],"curies":[{"name":"wp","href":"https:\/\/api.w.org\/{rel}","templated":true}]}}